{"id":776,"date":"2025-11-11T09:53:35","date_gmt":"2025-11-11T08:53:35","guid":{"rendered":"https:\/\/petrasaric.com\/?page_id=776"},"modified":"2025-11-11T10:21:42","modified_gmt":"2025-11-11T09:21:42","slug":"evenementiel","status":"publish","type":"page","link":"https:\/\/petrasaric.com\/?page_id=776","title":{"rendered":"\u00c9v\u00e8nementiel"},"content":{"rendered":"\t\t<div data-elementor-type=\"wp-page\" data-elementor-id=\"776\" class=\"elementor elementor-776\" data-elementor-post-type=\"page\">\n\t\t\t\t<div class=\"elementor-element elementor-element-3b398280 e-con-full e-flex e-con e-parent\" data-id=\"3b398280\" data-element_type=\"container\" data-settings=\"{&quot;background_background&quot;:&quot;classic&quot;}\">\n\t\t\t\t<div class=\"elementor-element elementor-element-3034b712 elementor-widget elementor-widget-heading\" data-id=\"3034b712\" data-element_type=\"widget\" data-widget_type=\"heading.default\">\n\t\t\t\t\t<h2 class=\"elementor-heading-title elementor-size-default\">Quand la Musique Sublime Vos Moments<\/h2>\t\t\t\t<\/div>\n\t\t\t\t<div class=\"elementor-element elementor-element-287fba97 elementor-widget elementor-widget-heading\" data-id=\"287fba97\" data-element_type=\"widget\" data-widget_type=\"heading.default\">\n\t\t\t\t\t<h1 class=\"elementor-heading-title elementor-size-default\">Concerts priv\u00e9s, mariages, r\u00e9ceptions\u2026 <\/h1>\t\t\t\t<\/div>\n\t\t\t\t<div class=\"elementor-element elementor-element-1f2f95e0 elementor-grid-1 elementor-widget__width-auto elementor-absolute elementor-grid-mobile-1 elementor-shape-rounded e-grid-align-center elementor-widget elementor-widget-social-icons\" data-id=\"1f2f95e0\" data-element_type=\"widget\" data-settings=\"{&quot;_position&quot;:&quot;absolute&quot;}\" data-widget_type=\"social-icons.default\">\n\t\t\t\t\t\t\t<div class=\"elementor-social-icons-wrapper elementor-grid\" role=\"list\">\n\t\t\t\t\t\t\t<span class=\"elementor-grid-item\" role=\"listitem\">\n\t\t\t\t\t<a class=\"elementor-icon elementor-social-icon elementor-social-icon-instagram elementor-animation-grow elementor-repeater-item-747cc3d\" href=\"https:\/\/www.instagram.com\/petrasaric?igsh=MWM1aHBncGJrMmJwcw==\" target=\"_blank\">\n\t\t\t\t\t\t<span class=\"elementor-screen-only\">Instagram<\/span>\n\t\t\t\t\t\t<svg aria-hidden=\"true\" class=\"e-font-icon-svg e-fab-instagram\" viewBox=\"0 0 448 512\" xmlns=\"http:\/\/www.w3.org\/2000\/svg\"><path d=\"M224.1 141c-63.6 0-114.9 51.3-114.9 114.9s51.3 114.9 114.9 114.9S339 319.5 339 255.9 287.7 141 224.1 141zm0 189.6c-41.1 0-74.7-33.5-74.7-74.7s33.5-74.7 74.7-74.7 74.7 33.5 74.7 74.7-33.6 74.7-74.7 74.7zm146.4-194.3c0 14.9-12 26.8-26.8 26.8-14.9 0-26.8-12-26.8-26.8s12-26.8 26.8-26.8 26.8 12 26.8 26.8zm76.1 27.2c-1.7-35.9-9.9-67.7-36.2-93.9-26.2-26.2-58-34.4-93.9-36.2-37-2.1-147.9-2.1-184.9 0-35.8 1.7-67.6 9.9-93.9 36.1s-34.4 58-36.2 93.9c-2.1 37-2.1 147.9 0 184.9 1.7 35.9 9.9 67.7 36.2 93.9s58 34.4 93.9 36.2c37 2.1 147.9 2.1 184.9 0 35.9-1.7 67.7-9.9 93.9-36.2 26.2-26.2 34.4-58 36.2-93.9 2.1-37 2.1-147.8 0-184.8zM398.8 388c-7.8 19.6-22.9 34.7-42.6 42.6-29.5 11.7-99.5 9-132.1 9s-102.7 2.6-132.1-9c-19.6-7.8-34.7-22.9-42.6-42.6-11.7-29.5-9-99.5-9-132.1s-2.6-102.7 9-132.1c7.8-19.6 22.9-34.7 42.6-42.6 29.5-11.7 99.5-9 132.1-9s102.7-2.6 132.1 9c19.6 7.8 34.7 22.9 42.6 42.6 11.7 29.5 9 99.5 9 132.1s2.7 102.7-9 132.1z\"><\/path><\/svg>\t\t\t\t\t<\/a>\n\t\t\t\t<\/span>\n\t\t\t\t\t\t\t<span class=\"elementor-grid-item\" role=\"listitem\">\n\t\t\t\t\t<a class=\"elementor-icon elementor-social-icon elementor-social-icon-facebook elementor-animation-grow elementor-repeater-item-a6a44c5\" target=\"_blank\">\n\t\t\t\t\t\t<span class=\"elementor-screen-only\">Facebook<\/span>\n\t\t\t\t\t\t<svg aria-hidden=\"true\" class=\"e-font-icon-svg e-fab-facebook\" viewBox=\"0 0 512 512\" xmlns=\"http:\/\/www.w3.org\/2000\/svg\"><path d=\"M504 256C504 119 393 8 256 8S8 119 8 256c0 123.78 90.69 226.38 209.25 245V327.69h-63V256h63v-54.64c0-62.15 37-96.48 93.67-96.48 27.14 0 55.52 4.84 55.52 4.84v61h-31.28c-30.8 0-40.41 19.12-40.41 38.73V256h68.78l-11 71.69h-57.78V501C413.31 482.38 504 379.78 504 256z\"><\/path><\/svg>\t\t\t\t\t<\/a>\n\t\t\t\t<\/span>\n\t\t\t\t\t<\/div>\n\t\t\t\t\t\t<\/div>\n\t\t\t\t<\/div>\n\t\t<div class=\"elementor-element elementor-element-0a0f0c5 e-flex e-con-boxed e-con e-parent\" data-id=\"0a0f0c5\" data-element_type=\"container\" data-settings=\"{&quot;background_background&quot;:&quot;classic&quot;}\">\n\t\t\t\t\t<div class=\"e-con-inner\">\n\t\t\t\t<div class=\"elementor-element elementor-element-3f7b490 elementor-widget elementor-widget-heading\" data-id=\"3f7b490\" data-element_type=\"widget\" data-widget_type=\"heading.default\">\n\t\t\t\t\t<h2 class=\"elementor-heading-title elementor-size-default\">Petra et sa s\u0153ur violoniste Nina Katarina, lors d\u2019une c\u00e9r\u00e9monie de mariage \u00e0 Bordeaux<\/h2>\t\t\t\t<\/div>\n\t\t\t\t<div class=\"elementor-element elementor-element-2713fce elementor-arrows-position-inside elementor-pagination-position-outside elementor-widget elementor-widget-image-carousel\" data-id=\"2713fce\" data-element_type=\"widget\" data-settings=\"{&quot;slides_to_show&quot;:&quot;3&quot;,&quot;image_spacing_custom&quot;:{&quot;unit&quot;:&quot;px&quot;,&quot;size&quot;:19,&quot;sizes&quot;:[]},&quot;slides_to_show_mobile&quot;:&quot;1&quot;,&quot;navigation&quot;:&quot;both&quot;,&quot;speed&quot;:500,&quot;image_spacing_custom_tablet&quot;:{&quot;unit&quot;:&quot;px&quot;,&quot;size&quot;:&quot;&quot;,&quot;sizes&quot;:[]}}\" data-widget_type=\"image-carousel.default\">\n\t\t\t\t\t\t\t<div class=\"elementor-image-carousel-wrapper swiper\" role=\"region\" aria-roledescription=\"carousel\" aria-label=\"Carrousel d\u2019images\" dir=\"ltr\">\n\t\t\t<div class=\"elementor-image-carousel swiper-wrapper\" aria-live=\"polite\">\n\t\t\t\t\t\t\t\t<div class=\"swiper-slide\" role=\"group\" aria-roledescription=\"slide\" aria-label=\"1 sur 3\"><figure class=\"swiper-slide-inner\"><img decoding=\"async\" class=\"swiper-slide-image\" src=\"https:\/\/petrasaric.com\/wp-content\/uploads\/2025\/11\/46d13124-b0c1-4a26-803b-8eb6eca2d53e-1-768x768.jpg\" alt=\"46d13124-b0c1-4a26-803b-8eb6eca2d53e (1)\" \/><\/figure><\/div><div class=\"swiper-slide\" role=\"group\" aria-roledescription=\"slide\" aria-label=\"2 sur 3\"><figure class=\"swiper-slide-inner\"><img decoding=\"async\" class=\"swiper-slide-image\" src=\"https:\/\/petrasaric.com\/wp-content\/uploads\/2025\/11\/c412740b-cb37-4f85-bab7-f850520bbcf8-768x1151.jpg\" alt=\"c412740b-cb37-4f85-bab7-f850520bbcf8\" \/><\/figure><\/div><div class=\"swiper-slide\" role=\"group\" aria-roledescription=\"slide\" aria-label=\"3 sur 3\"><figure class=\"swiper-slide-inner\"><img decoding=\"async\" class=\"swiper-slide-image\" src=\"https:\/\/petrasaric.com\/wp-content\/uploads\/2025\/11\/ce74315b-d89b-4c81-82d5-604992f6a213-copie-768x1024.jpg\" alt=\"ce74315b-d89b-4c81-82d5-604992f6a213 copie\" \/><\/figure><\/div>\t\t\t<\/div>\n\t\t\t\t\t\t\t\t\t\t\t\t<div class=\"elementor-swiper-button elementor-swiper-button-prev\" role=\"button\" tabindex=\"0\">\n\t\t\t\t\t\t<svg aria-hidden=\"true\" class=\"e-font-icon-svg e-eicon-chevron-left\" viewBox=\"0 0 1000 1000\" xmlns=\"http:\/\/www.w3.org\/2000\/svg\"><path d=\"M646 125C629 125 613 133 604 142L308 442C296 454 292 471 292 487 292 504 296 521 308 533L604 854C617 867 629 875 646 875 663 875 679 871 692 858 704 846 713 829 713 812 713 796 708 779 692 767L438 487 692 225C700 217 708 204 708 187 708 171 704 154 692 142 675 129 663 125 646 125Z\"><\/path><\/svg>\t\t\t\t\t<\/div>\n\t\t\t\t\t<div class=\"elementor-swiper-button elementor-swiper-button-next\" role=\"button\" tabindex=\"0\">\n\t\t\t\t\t\t<svg aria-hidden=\"true\" class=\"e-font-icon-svg e-eicon-chevron-right\" viewBox=\"0 0 1000 1000\" xmlns=\"http:\/\/www.w3.org\/2000\/svg\"><path d=\"M696 533C708 521 713 504 713 487 713 471 708 454 696 446L400 146C388 133 375 125 354 125 338 125 325 129 313 142 300 154 292 171 292 187 292 204 296 221 308 233L563 492 304 771C292 783 288 800 288 817 288 833 296 850 308 863 321 871 338 875 354 875 371 875 388 867 400 854L696 533Z\"><\/path><\/svg>\t\t\t\t\t<\/div>\n\t\t\t\t\n\t\t\t\t\t\t\t\t\t<div class=\"swiper-pagination\"><\/div>\n\t\t\t\t\t\t\t\t\t<\/div>\n\t\t\t\t\t\t<\/div>\n\t\t\t\t\t<\/div>\n\t\t\t\t<\/div>\n\t\t<div class=\"elementor-element elementor-element-2abd923f e-flex e-con-boxed e-con e-parent\" data-id=\"2abd923f\" data-element_type=\"container\">\n\t\t\t\t\t<div class=\"e-con-inner\">\n\t\t<div class=\"elementor-element elementor-element-f9daf1c e-con-full e-flex e-con e-child\" data-id=\"f9daf1c\" data-element_type=\"container\" data-settings=\"{&quot;background_background&quot;:&quot;classic&quot;}\">\n\t\t<div class=\"elementor-element elementor-element-1b38d020 e-con-full e-flex e-con e-child\" data-id=\"1b38d020\" data-element_type=\"container\" data-settings=\"{&quot;background_background&quot;:&quot;classic&quot;}\">\n\t\t\t\t<\/div>\n\t\t\t\t<div class=\"elementor-element elementor-element-39a988ab elementor-widget elementor-widget-menu-anchor\" data-id=\"39a988ab\" data-element_type=\"widget\" data-widget_type=\"menu-anchor.default\">\n\t\t\t\t\t\t\t<div class=\"elementor-menu-anchor\" id=\"contact-accueil\"><\/div>\n\t\t\t\t\t\t<\/div>\n\t\t<div class=\"elementor-element elementor-element-66a0faf2 e-con-full e-flex e-con e-child\" data-id=\"66a0faf2\" data-element_type=\"container\" data-settings=\"{&quot;background_background&quot;:&quot;classic&quot;}\">\n\t\t\t\t<div class=\"elementor-element elementor-element-50051da8 elementor-invisible elementor-widget elementor-widget-heading\" data-id=\"50051da8\" data-element_type=\"widget\" data-settings=\"{&quot;_animation&quot;:&quot;fadeInUp&quot;}\" data-widget_type=\"heading.default\">\n\t\t\t\t\t<h1 class=\"elementor-heading-title elementor-size-default\">Contact<\/h1>\t\t\t\t<\/div>\n\t\t\t\t<div class=\"elementor-element elementor-element-748cd5b3 elementor-button-align-end elementor-widget elementor-widget-form\" data-id=\"748cd5b3\" data-element_type=\"widget\" data-settings=\"{&quot;step_next_label&quot;:&quot;Next&quot;,&quot;step_previous_label&quot;:&quot;Previous&quot;,&quot;button_width&quot;:&quot;100&quot;,&quot;step_type&quot;:&quot;number_text&quot;,&quot;step_icon_shape&quot;:&quot;circle&quot;}\" data-widget_type=\"form.default\">\n\t\t\t\t\t\t\t<form class=\"elementor-form\" method=\"post\" name=\"Contact Form\" aria-label=\"Contact Form\">\n\t\t\t<input type=\"hidden\" name=\"post_id\" value=\"776\"\/>\n\t\t\t<input type=\"hidden\" name=\"form_id\" value=\"748cd5b3\"\/>\n\t\t\t<input type=\"hidden\" name=\"referer_title\" value=\"Petra Saric\" \/>\n\n\t\t\t\n\t\t\t<div class=\"elementor-form-fields-wrapper elementor-labels-\">\n\t\t\t\t\t\t\t\t<div class=\"elementor-field-type-text elementor-field-group elementor-column elementor-field-group-name elementor-col-100 elementor-field-required\">\n\t\t\t\t\t\t\t\t\t\t\t\t<label for=\"form-field-name\" class=\"elementor-field-label elementor-screen-only\">\n\t\t\t\t\t\t\t\tNom et pr\u00e9nom\t\t\t\t\t\t\t<\/label>\n\t\t\t\t\t\t\t\t\t\t\t\t\t\t<input size=\"1\" type=\"text\" name=\"form_fields[name]\" id=\"form-field-name\" class=\"elementor-field elementor-size-sm  elementor-field-textual\" placeholder=\"Nom et pr\u00e9nom*\" required=\"required\">\n\t\t\t\t\t\t\t\t\t\t\t<\/div>\n\t\t\t\t\t\t\t\t<div class=\"elementor-field-type-email elementor-field-group elementor-column elementor-field-group-email elementor-col-100 elementor-field-required\">\n\t\t\t\t\t\t\t\t\t\t\t\t<label for=\"form-field-email\" class=\"elementor-field-label elementor-screen-only\">\n\t\t\t\t\t\t\t\tEmail\t\t\t\t\t\t\t<\/label>\n\t\t\t\t\t\t\t\t\t\t\t\t\t\t<input size=\"1\" type=\"email\" name=\"form_fields[email]\" id=\"form-field-email\" class=\"elementor-field elementor-size-sm  elementor-field-textual\" placeholder=\"Email*\" required=\"required\">\n\t\t\t\t\t\t\t\t\t\t\t<\/div>\n\t\t\t\t\t\t\t\t<div class=\"elementor-field-type-textarea elementor-field-group elementor-column elementor-field-group-message elementor-col-100 elementor-field-required\">\n\t\t\t\t\t\t\t\t\t\t\t\t<label for=\"form-field-message\" class=\"elementor-field-label elementor-screen-only\">\n\t\t\t\t\t\t\t\tMessage*\t\t\t\t\t\t\t<\/label>\n\t\t\t\t\t\t<textarea class=\"elementor-field-textual elementor-field  elementor-size-sm\" name=\"form_fields[message]\" id=\"form-field-message\" rows=\"3\" placeholder=\"Message*\" required=\"required\"><\/textarea>\t\t\t\t<\/div>\n\t\t\t\t\t\t\t\t<div class=\"elementor-field-group elementor-column elementor-field-type-submit elementor-col-100 e-form__buttons\">\n\t\t\t\t\t<button class=\"elementor-button elementor-size-sm\" type=\"submit\">\n\t\t\t\t\t\t<span class=\"elementor-button-content-wrapper\">\n\t\t\t\t\t\t\t\t\t\t\t\t\t\t\t\t\t\t\t\t\t\t<span class=\"elementor-button-text\">Envoyer un message<\/span>\n\t\t\t\t\t\t\t\t\t\t\t\t\t<\/span>\n\t\t\t\t\t<\/button>\n\t\t\t\t<\/div>\n\t\t\t<\/div>\n\t\t<\/form>\n\t\t\t\t\t\t<\/div>\n\t\t\t\t<\/div>\n\t\t\t\t<\/div>\n\t\t\t\t\t<\/div>\n\t\t\t\t<\/div>\n\t\t\t\t<\/div>\n\t\t","protected":false},"excerpt":{"rendered":"<p>Quand la Musique Sublime Vos Moments Concerts priv\u00e9s, mariages, r\u00e9ceptions\u2026 Instagram Facebook Petra et sa s\u0153ur violoniste Nina Katarina, lors d\u2019une c\u00e9r\u00e9monie de mariage \u00e0 Bordeaux Contact<\/p>\n","protected":false},"author":1,"featured_media":0,"parent":0,"menu_order":0,"comment_status":"closed","ping_status":"closed","template":"","meta":{"footnotes":""},"class_list":["post-776","page","type-page","status-publish","hentry"],"yoast_head":"<!-- This site is optimized with the Yoast SEO plugin v26.3 - https:\/\/yoast.com\/wordpress\/plugins\/seo\/ -->\n<title>\u00c9v\u00e8nementiel - Petra Saric<\/title>\n<meta name=\"robots\" content=\"index, follow, max-snippet:-1, max-image-preview:large, max-video-preview:-1\" \/>\n<link rel=\"canonical\" href=\"https:\/\/petrasaric.com\/?page_id=776\" \/>\n<meta property=\"og:locale\" content=\"fr_FR\" \/>\n<meta property=\"og:type\" content=\"article\" \/>\n<meta property=\"og:title\" content=\"\u00c9v\u00e8nementiel - Petra Saric\" \/>\n<meta property=\"og:description\" content=\"Quand la Musique Sublime Vos Moments Concerts priv\u00e9s, mariages, r\u00e9ceptions\u2026 Instagram Facebook Petra et sa s\u0153ur violoniste Nina Katarina, lors d\u2019une c\u00e9r\u00e9monie de mariage \u00e0 Bordeaux Contact\" \/>\n<meta property=\"og:url\" content=\"https:\/\/petrasaric.com\/?page_id=776\" \/>\n<meta property=\"og:site_name\" content=\"Petra Saric\" \/>\n<meta property=\"article:modified_time\" content=\"2025-11-11T09:21:42+00:00\" \/>\n<meta property=\"og:image\" content=\"https:\/\/petrasaric.com\/wp-content\/uploads\/2025\/11\/46d13124-b0c1-4a26-803b-8eb6eca2d53e-1-768x768.jpg\" \/>\n<meta name=\"twitter:card\" content=\"summary_large_image\" \/>\n<meta name=\"twitter:label1\" content=\"Dur\u00e9e de lecture estim\u00e9e\" \/>\n\t<meta name=\"twitter:data1\" content=\"1 minute\" \/>\n<script type=\"application\/ld+json\" class=\"yoast-schema-graph\">{\"@context\":\"https:\/\/schema.org\",\"@graph\":[{\"@type\":\"WebPage\",\"@id\":\"https:\/\/petrasaric.com\/?page_id=776\",\"url\":\"https:\/\/petrasaric.com\/?page_id=776\",\"name\":\"\u00c9v\u00e8nementiel - Petra Saric\",\"isPartOf\":{\"@id\":\"https:\/\/petrasaric.com\/#website\"},\"primaryImageOfPage\":{\"@id\":\"https:\/\/petrasaric.com\/?page_id=776#primaryimage\"},\"image\":{\"@id\":\"https:\/\/petrasaric.com\/?page_id=776#primaryimage\"},\"thumbnailUrl\":\"https:\/\/petrasaric.com\/wp-content\/uploads\/2025\/11\/46d13124-b0c1-4a26-803b-8eb6eca2d53e-1-768x768.jpg\",\"datePublished\":\"2025-11-11T08:53:35+00:00\",\"dateModified\":\"2025-11-11T09:21:42+00:00\",\"breadcrumb\":{\"@id\":\"https:\/\/petrasaric.com\/?page_id=776#breadcrumb\"},\"inLanguage\":\"fr-FR\",\"potentialAction\":[{\"@type\":\"ReadAction\",\"target\":[\"https:\/\/petrasaric.com\/?page_id=776\"]}]},{\"@type\":\"ImageObject\",\"inLanguage\":\"fr-FR\",\"@id\":\"https:\/\/petrasaric.com\/?page_id=776#primaryimage\",\"url\":\"https:\/\/petrasaric.com\/wp-content\/uploads\/2025\/11\/46d13124-b0c1-4a26-803b-8eb6eca2d53e-1.jpg\",\"contentUrl\":\"https:\/\/petrasaric.com\/wp-content\/uploads\/2025\/11\/46d13124-b0c1-4a26-803b-8eb6eca2d53e-1.jpg\",\"width\":1246,\"height\":1246},{\"@type\":\"BreadcrumbList\",\"@id\":\"https:\/\/petrasaric.com\/?page_id=776#breadcrumb\",\"itemListElement\":[{\"@type\":\"ListItem\",\"position\":1,\"name\":\"Home\",\"item\":\"https:\/\/petrasaric.com\/\"},{\"@type\":\"ListItem\",\"position\":2,\"name\":\"\u00c9v\u00e8nementiel\"}]},{\"@type\":\"WebSite\",\"@id\":\"https:\/\/petrasaric.com\/#website\",\"url\":\"https:\/\/petrasaric.com\/\",\"name\":\"Petra Saric\",\"description\":\"Piano avec Petra\",\"publisher\":{\"@id\":\"https:\/\/petrasaric.com\/#organization\"},\"potentialAction\":[{\"@type\":\"SearchAction\",\"target\":{\"@type\":\"EntryPoint\",\"urlTemplate\":\"https:\/\/petrasaric.com\/?s={search_term_string}\"},\"query-input\":{\"@type\":\"PropertyValueSpecification\",\"valueRequired\":true,\"valueName\":\"search_term_string\"}}],\"inLanguage\":\"fr-FR\"},{\"@type\":\"Organization\",\"@id\":\"https:\/\/petrasaric.com\/#organization\",\"name\":\"Petra Saric\",\"url\":\"https:\/\/petrasaric.com\/\",\"logo\":{\"@type\":\"ImageObject\",\"inLanguage\":\"fr-FR\",\"@id\":\"https:\/\/petrasaric.com\/#\/schema\/logo\/image\/\",\"url\":\"https:\/\/petrasaric.com\/wp-content\/uploads\/2025\/09\/Group-59.svg\",\"contentUrl\":\"https:\/\/petrasaric.com\/wp-content\/uploads\/2025\/09\/Group-59.svg\",\"width\":1500,\"height\":337,\"caption\":\"Petra Saric\"},\"image\":{\"@id\":\"https:\/\/petrasaric.com\/#\/schema\/logo\/image\/\"}}]}<\/script>\n<!-- \/ Yoast SEO plugin. -->","yoast_head_json":{"title":"\u00c9v\u00e8nementiel - Petra Saric","robots":{"index":"index","follow":"follow","max-snippet":"max-snippet:-1","max-image-preview":"max-image-preview:large","max-video-preview":"max-video-preview:-1"},"canonical":"https:\/\/petrasaric.com\/?page_id=776","og_locale":"fr_FR","og_type":"article","og_title":"\u00c9v\u00e8nementiel - Petra Saric","og_description":"Quand la Musique Sublime Vos Moments Concerts priv\u00e9s, mariages, r\u00e9ceptions\u2026 Instagram Facebook Petra et sa s\u0153ur violoniste Nina Katarina, lors d\u2019une c\u00e9r\u00e9monie de mariage \u00e0 Bordeaux Contact","og_url":"https:\/\/petrasaric.com\/?page_id=776","og_site_name":"Petra Saric","article_modified_time":"2025-11-11T09:21:42+00:00","og_image":[{"url":"https:\/\/petrasaric.com\/wp-content\/uploads\/2025\/11\/46d13124-b0c1-4a26-803b-8eb6eca2d53e-1-768x768.jpg","type":"","width":"","height":""}],"twitter_card":"summary_large_image","twitter_misc":{"Dur\u00e9e de lecture estim\u00e9e":"1 minute"},"schema":{"@context":"https:\/\/schema.org","@graph":[{"@type":"WebPage","@id":"https:\/\/petrasaric.com\/?page_id=776","url":"https:\/\/petrasaric.com\/?page_id=776","name":"\u00c9v\u00e8nementiel - Petra Saric","isPartOf":{"@id":"https:\/\/petrasaric.com\/#website"},"primaryImageOfPage":{"@id":"https:\/\/petrasaric.com\/?page_id=776#primaryimage"},"image":{"@id":"https:\/\/petrasaric.com\/?page_id=776#primaryimage"},"thumbnailUrl":"https:\/\/petrasaric.com\/wp-content\/uploads\/2025\/11\/46d13124-b0c1-4a26-803b-8eb6eca2d53e-1-768x768.jpg","datePublished":"2025-11-11T08:53:35+00:00","dateModified":"2025-11-11T09:21:42+00:00","breadcrumb":{"@id":"https:\/\/petrasaric.com\/?page_id=776#breadcrumb"},"inLanguage":"fr-FR","potentialAction":[{"@type":"ReadAction","target":["https:\/\/petrasaric.com\/?page_id=776"]}]},{"@type":"ImageObject","inLanguage":"fr-FR","@id":"https:\/\/petrasaric.com\/?page_id=776#primaryimage","url":"https:\/\/petrasaric.com\/wp-content\/uploads\/2025\/11\/46d13124-b0c1-4a26-803b-8eb6eca2d53e-1.jpg","contentUrl":"https:\/\/petrasaric.com\/wp-content\/uploads\/2025\/11\/46d13124-b0c1-4a26-803b-8eb6eca2d53e-1.jpg","width":1246,"height":1246},{"@type":"BreadcrumbList","@id":"https:\/\/petrasaric.com\/?page_id=776#breadcrumb","itemListElement":[{"@type":"ListItem","position":1,"name":"Home","item":"https:\/\/petrasaric.com\/"},{"@type":"ListItem","position":2,"name":"\u00c9v\u00e8nementiel"}]},{"@type":"WebSite","@id":"https:\/\/petrasaric.com\/#website","url":"https:\/\/petrasaric.com\/","name":"Petra Saric","description":"Piano avec Petra","publisher":{"@id":"https:\/\/petrasaric.com\/#organization"},"potentialAction":[{"@type":"SearchAction","target":{"@type":"EntryPoint","urlTemplate":"https:\/\/petrasaric.com\/?s={search_term_string}"},"query-input":{"@type":"PropertyValueSpecification","valueRequired":true,"valueName":"search_term_string"}}],"inLanguage":"fr-FR"},{"@type":"Organization","@id":"https:\/\/petrasaric.com\/#organization","name":"Petra Saric","url":"https:\/\/petrasaric.com\/","logo":{"@type":"ImageObject","inLanguage":"fr-FR","@id":"https:\/\/petrasaric.com\/#\/schema\/logo\/image\/","url":"https:\/\/petrasaric.com\/wp-content\/uploads\/2025\/09\/Group-59.svg","contentUrl":"https:\/\/petrasaric.com\/wp-content\/uploads\/2025\/09\/Group-59.svg","width":1500,"height":337,"caption":"Petra Saric"},"image":{"@id":"https:\/\/petrasaric.com\/#\/schema\/logo\/image\/"}}]}},"_links":{"self":[{"href":"https:\/\/petrasaric.com\/index.php?rest_route=\/wp\/v2\/pages\/776","targetHints":{"allow":["GET"]}}],"collection":[{"href":"https:\/\/petrasaric.com\/index.php?rest_route=\/wp\/v2\/pages"}],"about":[{"href":"https:\/\/petrasaric.com\/index.php?rest_route=\/wp\/v2\/types\/page"}],"author":[{"embeddable":true,"href":"https:\/\/petrasaric.com\/index.php?rest_route=\/wp\/v2\/users\/1"}],"replies":[{"embeddable":true,"href":"https:\/\/petrasaric.com\/index.php?rest_route=%2Fwp%2Fv2%2Fcomments&post=776"}],"version-history":[{"count":28,"href":"https:\/\/petrasaric.com\/index.php?rest_route=\/wp\/v2\/pages\/776\/revisions"}],"predecessor-version":[{"id":815,"href":"https:\/\/petrasaric.com\/index.php?rest_route=\/wp\/v2\/pages\/776\/revisions\/815"}],"wp:attachment":[{"href":"https:\/\/petrasaric.com\/index.php?rest_route=%2Fwp%2Fv2%2Fmedia&parent=776"}],"curies":[{"name":"wp","href":"https:\/\/api.w.org\/{rel}","templated":true}]}}